{"id":95,"date":"2023-05-11T16:07:04","date_gmt":"2023-05-11T14:07:04","guid":{"rendered":"http:\/\/jeanpierremagnetisor.fr\/?page_id=95"},"modified":"2026-03-04T18:32:55","modified_gmt":"2026-03-04T17:32:55","slug":"me-contacter","status":"publish","type":"page","link":"https:\/\/jeanpierremagnetisor.fr\/index.php\/me-contacter\/","title":{"rendered":"Me contacter"},"content":{"rendered":"\n<p><strong>Je privil\u00e9gie davantage  le contact par t\u00e9l\u00e9phone plut\u00f4t que le formulaire d&rsquo;inscription \u00e0 une prestation. <\/strong><\/p>\n\n\n\n<p><strong>Pour assurer un \u00e9change constructif, pour \u00e9valuer au plus juste vos besoins. <\/strong><\/p>\n\n\n\n<p><strong>Vous pouvez me contacter au +33 6 86 06 56 34<\/strong><\/p>\n\n\n\n<pre class=\"wp-block-code\"><code>\n<\/code><\/pre>\n\n\n\n<div class=\"forminator-guttenberg\"><\/div>\n","protected":false},"excerpt":{"rendered":"<p>Je privil\u00e9gie davantage le contact par t\u00e9l\u00e9phone plut\u00f4t que le formulaire d&rsquo;inscription \u00e0 une prestation. Pour assurer un \u00e9change constructif, pour \u00e9valuer au plus juste vos besoins. Vous pouvez me contacter au +33 6 86 06 56 34<\/p>\n","protected":false},"author":1,"featured_media":0,"parent":0,"menu_order":0,"comment_status":"closed","ping_status":"closed","template":"","meta":{"footnotes":""},"class_list":["post-95","page","type-page","status-publish","hentry"],"_links":{"self":[{"href":"https:\/\/jeanpierremagnetisor.fr\/index.php\/wp-json\/wp\/v2\/pages\/95","targetHints":{"allow":["GET"]}}],"collection":[{"href":"https:\/\/jeanpierremagnetisor.fr\/index.php\/wp-json\/wp\/v2\/pages"}],"about":[{"href":"https:\/\/jeanpierremagnetisor.fr\/index.php\/wp-json\/wp\/v2\/types\/page"}],"author":[{"embeddable":true,"href":"https:\/\/jeanpierremagnetisor.fr\/index.php\/wp-json\/wp\/v2\/users\/1"}],"replies":[{"embeddable":true,"href":"https:\/\/jeanpierremagnetisor.fr\/index.php\/wp-json\/wp\/v2\/comments?post=95"}],"version-history":[{"count":8,"href":"https:\/\/jeanpierremagnetisor.fr\/index.php\/wp-json\/wp\/v2\/pages\/95\/revisions"}],"predecessor-version":[{"id":676,"href":"https:\/\/jeanpierremagnetisor.fr\/index.php\/wp-json\/wp\/v2\/pages\/95\/revisions\/676"}],"wp:attachment":[{"href":"https:\/\/jeanpierremagnetisor.fr\/index.php\/wp-json\/wp\/v2\/media?parent=95"}],"curies":[{"name":"wp","href":"https:\/\/api.w.org\/{rel}","templated":true}]}}