{"id":79,"date":"2023-05-11T15:12:44","date_gmt":"2023-05-11T13:12:44","guid":{"rendered":"http:\/\/jeanpierremagnetisor.fr\/?page_id=79"},"modified":"2023-05-11T15:21:56","modified_gmt":"2023-05-11T13:21:56","slug":"livre-dor","status":"publish","type":"page","link":"https:\/\/jeanpierremagnetisor.fr\/index.php\/livre-dor\/","title":{"rendered":"Livre d&rsquo;or"},"content":{"rendered":"\n<p>je vous remercie d&rsquo;avance pour votre t\u00e9moignage !<\/p>\n\n\n<div class=\"gwolle-gb\"><div class=\"gwolle_gb_messages_top_container\"><\/div>\n\t\t\t<div class=\"gwolle-gb-write-button\">\n\t\t\t\t<input type=\"button\" name=\"gwolle-gb-write-button\" class=\"button btn btn-default \" value=\"\u00c9crire un nouveau message.\" \/>\n\t\t\t<\/div>\n\t\t\t<form action=\"#\" method=\"POST\" class=\"gwolle-gb-write gwolle-gb-hide gwolle-gb-float gwolle_gb_form_ajax gwolle-gb-form-ajax gwolle-gb-ajax gwolle-gb-not-logged-in\">\n\t\t\t\t<h3>\u00c9crivez un nouveau message dans le livre d\u2019or<\/h3>\n\t\t\t\t<button type=\"button\" class=\"gb-notice-dismiss\">x<span class=\"screen-reader-text\">Masquer ce formulaire.<\/span><\/button>\n\t\t\t\n\t\t\t\t<input type=\"hidden\" name=\"gwolle_gb_function\" class=\"gwolle_gb_function\" value=\"add_entry\" \/><input type=\"hidden\" name=\"gwolle_gb_book_id\" class=\"gwolle_gb_book_id\" value=\"1\" \/><div class=\"gwolle_gb_d784b17cbe2512dbd5b25265744be4b5\">\n\t\t\t\t<div class=\"label\"><label for=\"gwolle_gb_d784b17cbe2512dbd5b25265744be4b5-1\" class=\"text-info\">Nom <span class=\"required\">*<\/span><\/label><\/div>\n\t\t\t\t<div class=\"input\"><input class=\"wp-exclude-emoji gwolle_gb_d784b17cbe2512dbd5b25265744be4b5\" value=\"\" type=\"text\" id=\"gwolle_gb_d784b17cbe2512dbd5b25265744be4b5-1\" name=\"gwolle_gb_d784b17cbe2512dbd5b25265744be4b5\" required \/><\/div>\n\t\t\t\t<div class=\"clearBoth\">&nbsp;<\/div>\n\t\t\t<\/div><div class=\"gwolle_gb_dc2a50b44937e16a33f29f0a1b505e5f\">\n\t\t\t\t\t<div class=\"label\"><label for=\"gwolle_gb_dc2a50b44937e16a33f29f0a1b505e5f-1\" class=\"text-info\">Ville<\/label><\/div>\n\t\t\t\t\t<div class=\"input\"><input class=\"wp-exclude-emoji gwolle_gb_dc2a50b44937e16a33f29f0a1b505e5f\" value=\"\" type=\"text\" id=\"gwolle_gb_dc2a50b44937e16a33f29f0a1b505e5f-1\" name=\"gwolle_gb_dc2a50b44937e16a33f29f0a1b505e5f\" \/><\/div>\n\t\t\t\t\t<div class=\"clearBoth\">&nbsp;<\/div>\n\t\t\t\t<\/div><div class=\"gwolle_gb_e4665d0208ab39529e12c6795f111f99\">\n\t\t\t\t<div class=\"label\"><label for=\"gwolle_gb_e4665d0208ab39529e12c6795f111f99-1\" class=\"text-info\">E-mail <span class=\"required\">*<\/span><\/label><\/div>\n\t\t\t\t<div class=\"input\"><input class=\"gwolle_gb_e4665d0208ab39529e12c6795f111f99\" value=\"\" type=\"email\" id=\"gwolle_gb_e4665d0208ab39529e12c6795f111f99-1\" name=\"gwolle_gb_e4665d0208ab39529e12c6795f111f99\" required \/><\/div>\n\t\t\t\t<div class=\"clearBoth\">&nbsp;<\/div>\n\t\t\t<\/div><div class=\"gwolle_gb_b589895377cf50e3319ba314a8cfa3de\">\n\t\t\t\t<div class=\"label\"><label for=\"gwolle_gb_b589895377cf50e3319ba314a8cfa3de-1\" class=\"text-info\">Site web<\/label><\/div>\n\t\t\t\t<div class=\"input\"><input class=\"gwolle_gb_b589895377cf50e3319ba314a8cfa3de\" value=\"\" type=\"url\" id=\"gwolle_gb_b589895377cf50e3319ba314a8cfa3de-1\" name=\"gwolle_gb_b589895377cf50e3319ba314a8cfa3de\" \/><\/div>\n\t\t\t\t<div class=\"clearBoth\">&nbsp;<\/div>\n\t\t\t<\/div>\n\t\t\t<div class=\"gwolle_gb_3a970f9c2036bcb0a5203c59d2cb03ca\" style=\"display:none;overflow:hidden;\" hidden=\"true\" aria-hidden=\"true\">\n\t\t\t\t<div class=\"label\">\n\t\t\t\t\t<label for=\"gwolle_gb_3a970f9c2036bcb0a5203c59d2cb03ca-1\" class=\"text-primary\">Ne touchez pas \u00e0 ceci<\/label>\n\t\t\t\t\t<label for=\"gwolle_gb_612056de14c7df8d546dc76d5842966d-1\" class=\"text-primary\">Ne touchez pas \u00e0 ceci<\/label>\n\t\t\t\t<\/div>\n\t\t\t\t<div class=\"input\">\n\t\t\t\t\t<input value=\"64\" type=\"text\" id=\"gwolle_gb_3a970f9c2036bcb0a5203c59d2cb03ca-1\" name=\"gwolle_gb_3a970f9c2036bcb0a5203c59d2cb03ca\" class=\"gwolle_gb_3a970f9c2036bcb0a5203c59d2cb03ca\" style=\"transform: translateY(10000px);\" \/>\n\t\t\t\t\t<input value=\"\" type=\"text\" name=\"gwolle_gb_612056de14c7df8d546dc76d5842966d\" id=\"gwolle_gb_612056de14c7df8d546dc76d5842966d-1\" class=\"gwolle_gb_612056de14c7df8d546dc76d5842966d\" style=\"transform: translateY(10000px);\" \/>\n\t\t\t\t<\/div>\n\t\t\t\t<div class=\"clearBoth\"><\/div>\n\t\t\t<\/div>\n\t\t\t<div class=\"gwolle_gb_2fe9d26fc4169ee7f3c1e2b49b534295\" style=\"display:none;overflow:hidden;\" hidden=\"true\" aria-hidden=\"true\">\n\t\t\t\t<div class=\"label\">\n\t\t\t\t\t<label for=\"gwolle_gb_2fe9d26fc4169ee7f3c1e2b49b534295-1\" class=\"text-primary\">Ne touchez pas \u00e0 ceci<\/label>\n\t\t\t\t\t<label for=\"gwolle_gb_064896bf3ff01c9e6f28adc9fb0af9b2-1\" class=\"text-primary\">Ne touchez pas \u00e0 ceci<\/label>\n\t\t\t\t<\/div>\n\t\t\t\t<div class=\"input\">\n\t\t\t\t\t<input value=\"1067\" type=\"text\" id=\"gwolle_gb_2fe9d26fc4169ee7f3c1e2b49b534295-1\" name=\"gwolle_gb_2fe9d26fc4169ee7f3c1e2b49b534295\" class=\"gwolle_gb_2fe9d26fc4169ee7f3c1e2b49b534295\" style=\"transform: translateY(10000px);\" \/>\n\t\t\t\t\t<input value=\"1067\" type=\"text\"id=\"gwolle_gb_064896bf3ff01c9e6f28adc9fb0af9b2-1\" name=\"gwolle_gb_064896bf3ff01c9e6f28adc9fb0af9b2\" class=\"gwolle_gb_064896bf3ff01c9e6f28adc9fb0af9b2\" style=\"transform: translateY(10000px);\" \/>\n\t\t\t\t<\/div>\n\t\t\t\t<div class=\"clearBoth\"><\/div>\n\t\t\t<\/div><div class=\"gwolle_gb_content\">\n\t\t\t\t<div class=\"label\"><label for=\"gwolle_gb_content-1\" class=\"text-info\">Message du livre d\u2019or <span class=\"required\">*<\/span><\/label><\/div>\n\t\t\t\t<div class=\"input\"><textarea id=\"gwolle_gb_content-1\" name=\"gwolle_gb_content\" class=\"gwolle_gb_content wp-exclude-emoji\" required ><\/textarea><\/div>\n\t\t\t\t\t<div class=\"clearBoth\">&nbsp;<\/div>\n\t\t\t\t<\/div><input type=\"hidden\" class=\"gwolle_gb_bafa6f5b670df9bfc23c7aea50f659eb\" id=\"gwolle_gb_bafa6f5b670df9bfc23c7aea50f659eb-1\" name=\"gwolle_gb_bafa6f5b670df9bfc23c7aea50f659eb\" value=\"406596cf31\" \/>\n\t\t\t<div class=\"gwolle_gb_messages_bottom_container\"><\/div>\n\n\t\t\t<noscript><div class=\"no-js\">Avertissement\u00a0: Ce formulaire ne peut \u00eatre utilis\u00e9 que si JavaScript est activ\u00e9 dans votre navigateur.<\/div><\/noscript>\n\n\t\t\t<div class=\"gwolle_gb_submit\">\n\t\t\t\t<div class=\"label gwolle-gb-invisible text-muted\">&nbsp;<\/div>\n\t\t\t\t<div class=\"input\">\n\t\t\t\t\t<input type=\"submit\" name=\"gwolle_gb_submit\" class=\"gwolle_gb_submit button btn btn-primary \" value=\"Envoyer\" \/>\n\t\t\t\t\t<span class=\"gwolle_gb_submit_ajax_icon\"><\/span>\n\t\t\t\n\t\t\t\t<\/div>\n\t\t\t\t<div class=\"clearBoth\">&nbsp;<\/div>\n\t\t\t<\/div>\n\n\t\t\t<div class=\"gwolle_gb_notice\">\n\t\t\t\tLes champs marqu\u00e9s avec un * sont obligatoires.<br \/>\r\nVotre adresse e-mail ne sera pas publi\u00e9e.<br \/>\r\nIl se pourrait que votre message n\u2019apparaisse dans le livre d\u2019or qu\u2019apr\u00e8s que nous l\u2019ayons v\u00e9rifi\u00e9.<br \/>\r\nNous nous r\u00e9servons le droit de modifier, de supprimer, ou de ne pas publier les messages.\n\t\t\t<\/div><\/form><div class=\"gwolle-gb-read gwolle-gb-ajax gwolle-gb-entries-list\" data-book_id=\"1\" data-page_id=\"1\">\n\t\t<div id=\"gwolle-gb-total\" class=\"gwolle-gb-total\">3 messages.<\/div><!-- Gwolle-GB Entry: Default Template Loaded -->\n\t\t\t\t<div class=\"gb-entry gb-entry_3 gb-entry-count_1 gwolle_gb_uneven gwolle-gb-uneven gwolle-gb-first\" data-entry_id=\"3\">\n\t\t\t\t<article>\n\t\t\t\t\t<div class=\"gb-author-info\">\n\t\t\t\t\t\t<span class=\"gb-author-avatar\"><img referrerpolicy=\"no-referrer\" alt='Comte valette' src='https:\/\/secure.gravatar.com\/avatar\/92419c24579db0457b6618af8056bad5d022f38637685fb35718c1fe63717ee1?s=32&#038;d=mm&#038;r=g' srcset='https:\/\/secure.gravatar.com\/avatar\/92419c24579db0457b6618af8056bad5d022f38637685fb35718c1fe63717ee1?s=64&#038;d=mm&#038;r=g 2x' class='avatar avatar-32 photo' height='32' width='32' \/><\/span>\n\t\t\t\t\t\t<span class=\"gb-author-name\">Comte valette\n\t\t\t\t\t\t<\/span>\n\t\t\t\t\t\t<span class=\"gb-author-origin\">\n\t\t\t\t\t\t\t<span class=\"gb-author-origin-from-text\"> de<\/span>\n\t\t\t\t\t\t\t<span class=\"gb-author-origin-text\"> St quentin fallavier<\/span>\n\t\t\t\t\t\t<\/span>\n\t\t\t\t\t\t<span class=\"gb-datetime\">\n\t\t\t\t\t\t\t<span class=\"gb-date\"><span class=\"gb-date-wrote-text\"> a \u00e9crit le<\/span><span class=\"gb-date-text\"> 1 septembre 2024<\/span>\n\t\t\t\t\t\t\t<\/span><span class=\"gb-time\">\n\t\t\t\t\t\t\t\t\t<span class=\"gb-time-at-text\"> \u00e0<\/span>\n\t\t\t\t\t\t\t\t\t<span class=\"gb-time-text\"> 8h29<\/span>\n\t\t\t\t\t\t\t\t<\/span>\n\t\t\t\t\t\t<\/span> \n\t\t\t\t\t<\/div>\n\t\t\t\t\t<div class=\"gb-entry-content\">Bonjour,\r\n\r\nNous nous sommes rencontr\u00e9s \u00e0 la foire au dinde\r\n.Vous avez offert une pierre \u00e0 mon fils, notre \u00e9change m\u2019a interpeller\u2026.\r\nJe ressens de ne pas en rester l\u00e0, une sensation que vous pouvez apporter \u00e0 mon fils des explications \u2026\u2026\r\nAu plaisir de ce rencontrer.\r\nMerci \u00e0 vous\n\t\t\t\t\t<\/div>\n\t\t\t\t\t<div class=\"gb-entry-admin_reply\">\n\t\t\t\t\t\t<div class=\"gb-admin_reply_uid gb-admin-reply-uid\">\n\t\t\t\t\t\t\t<em>R\u00e9ponse d\u2019administrateur par\u00a0: Jean Pierre Magn\u00e9tis'Or<\/em>\n\t\t\t\t\t\t<\/div> \n\t\t\t\t\t\t<div class=\"gb-admin_reply_content gb-admin-reply-content\">\n\t\t\t\t\t\tBonjour Madame Comte Valette,\r\n\r\nJe vous remercie pour votre t\u00e9moignage concernant la pierre de votre fils.\r\nJe suis disponible pour apporter de mon mieux des \u00e9l\u00e9ments de r\u00e9ponse ou de compr\u00e9hension.\r\n\r\nAvec tout mon c\u0153ur\r\nJean Pierre\n\t\t\t\t\t\t<\/div>\n\t\t\t\t\t<\/div>\n\t\t\t\t<\/article>\n\t\t\t<\/div>\n\t\t\t<div class=\"gb-entry gb-entry_2 gb-entry-count_2 gwolle_gb_even gwolle-gb-even\" data-entry_id=\"2\">\n\t\t\t\t<article>\n\t\t\t\t\t<div class=\"gb-author-info\">\n\t\t\t\t\t\t<span class=\"gb-author-avatar\"><img referrerpolicy=\"no-referrer\" alt='M\u00e9lanie G.' src='https:\/\/secure.gravatar.com\/avatar\/49fc89f44bf54f098e26a182cbef28945168b566fdec0051247758bd402cdf9f?s=32&#038;d=mm&#038;r=g' srcset='https:\/\/secure.gravatar.com\/avatar\/49fc89f44bf54f098e26a182cbef28945168b566fdec0051247758bd402cdf9f?s=64&#038;d=mm&#038;r=g 2x' class='avatar avatar-32 photo' height='32' width='32' \/><\/span>\n\t\t\t\t\t\t<span class=\"gb-author-name\">M\u00e9lanie G.\n\t\t\t\t\t\t<\/span>\n\t\t\t\t\t\t<span class=\"gb-datetime\">\n\t\t\t\t\t\t\t<span class=\"gb-date\"><span class=\"gb-date-wrote-text\"> a \u00e9crit le<\/span><span class=\"gb-date-text\"> 22 janvier 2024<\/span>\n\t\t\t\t\t\t\t<\/span><span class=\"gb-time\">\n\t\t\t\t\t\t\t\t\t<span class=\"gb-time-at-text\"> \u00e0<\/span>\n\t\t\t\t\t\t\t\t\t<span class=\"gb-time-text\"> 19h43<\/span>\n\t\t\t\t\t\t\t\t<\/span>\n\t\t\t\t\t\t<\/span> \n\t\t\t\t\t<\/div>\n\t\t\t\t\t<div class=\"gb-entry-content\">Jean-Pierre m&#039;a aid\u00e9 \u00e0 trois reprises en ayant recours \u00e0 la m\u00e9diumnit\u00e9 afin de lib\u00e9rer des blocages familiaux.\r\nSon \u00e9nergie est pure et puissante. Sa douceur et sa bienveillance rassurent et mettent en confiance rapidement.\r\nJe recommande son accompagnement sans aucunes h\u00e9sitations. \r\nJe suis reconnaissante pour l&#039;aide que j&#039;ai re\u00e7u, merci.\n\t\t\t\t\t<\/div>\n\t\t\t\t\t<div class=\"gb-entry-admin_reply\">\n\t\t\t\t\t\t<div class=\"gb-admin_reply_uid gb-admin-reply-uid\">\n\t\t\t\t\t\t\t<em>R\u00e9ponse d\u2019administrateur par\u00a0: Jean Pierre Magn\u00e9tis'Or<\/em>\n\t\t\t\t\t\t<\/div> \n\t\t\t\t\t\t<div class=\"gb-admin_reply_content gb-admin-reply-content\">\n\t\t\t\t\t\tBonjour M\u00e9lanie,\r\n\r\nJe vous remercie pour ce retour des diff\u00e9rentes s\u00e9ances de guidance. \r\nJe vous souhaite une belle fin d&#039;ann\u00e9e et une nouvelle tr\u00e8s belle ann\u00e9e 2025 \u00e0 venir.\r\n\r\nAvec tout mon c\u0153ur\r\nJean Pierre\n\t\t\t\t\t\t<\/div>\n\t\t\t\t\t<\/div>\n\t\t\t\t<\/article>\n\t\t\t<\/div>\n\t\t\t<div class=\"gb-entry gb-entry_1 gb-entry-count_3 gwolle_gb_uneven gwolle-gb-uneven\" data-entry_id=\"1\">\n\t\t\t\t<article>\n\t\t\t\t\t<div class=\"gb-author-info\">\n\t\t\t\t\t\t<span class=\"gb-author-avatar\"><img referrerpolicy=\"no-referrer\" alt='C\u00e9line GUEHO' src='https:\/\/secure.gravatar.com\/avatar\/eaadfeb0a3f245d8eefdca191904ea7a0184396db941ccee75048ff01745fbdd?s=32&#038;d=mm&#038;r=g' srcset='https:\/\/secure.gravatar.com\/avatar\/eaadfeb0a3f245d8eefdca191904ea7a0184396db941ccee75048ff01745fbdd?s=64&#038;d=mm&#038;r=g 2x' class='avatar avatar-32 photo' height='32' width='32' \/><\/span>\n\t\t\t\t\t\t<span class=\"gb-author-name\">C\u00e9line GUEHO\n\t\t\t\t\t\t<\/span>\n\t\t\t\t\t\t<span class=\"gb-author-origin\">\n\t\t\t\t\t\t\t<span class=\"gb-author-origin-from-text\"> de<\/span>\n\t\t\t\t\t\t\t<span class=\"gb-author-origin-text\"> VERTRIEU<\/span>\n\t\t\t\t\t\t<\/span>\n\t\t\t\t\t\t<span class=\"gb-datetime\">\n\t\t\t\t\t\t\t<span class=\"gb-date\"><span class=\"gb-date-wrote-text\"> a \u00e9crit le<\/span><span class=\"gb-date-text\"> 8 d\u00e9cembre 2023<\/span>\n\t\t\t\t\t\t\t<\/span><span class=\"gb-time\">\n\t\t\t\t\t\t\t\t\t<span class=\"gb-time-at-text\"> \u00e0<\/span>\n\t\t\t\t\t\t\t\t\t<span class=\"gb-time-text\"> 11h00<\/span>\n\t\t\t\t\t\t\t\t<\/span>\n\t\t\t\t\t\t<\/span> \n\t\t\t\t\t<\/div>\n\t\t\t\t\t<div class=\"gb-entry-content\">Je souhaitais t\u00e9moigner de ma gratitude \u00e0 Jean-Pierre et \u00e0 toutes les personnes qui ont particip\u00e9 \u00e0 la constellation d&#039;\u00e2mes du 07 d\u00e9cembre 2023. C&#039;est une merveilleuse exp\u00e9rience qu&#039;aucun mot de pourrait d\u00e9crire car il s&#039;agit simplement d&#039;une exp\u00e9rience \u00e0 vivre, \u00e0 ressentir, qui s&#039;int\u00e8gre \u00e0 chacune de nos cellules et \u00e0 notre c\u0153ur sans laisser le mental l&#039;appr\u00e9hender et encore moins le d\u00e9finir. Juste je recommande...\n\t\t\t\t\t<\/div>\n\t\t\t\t\t<div class=\"gb-entry-admin_reply\">\n\t\t\t\t\t\t<div class=\"gb-admin_reply_uid gb-admin-reply-uid\">\n\t\t\t\t\t\t\t<em>R\u00e9ponse d\u2019administrateur par\u00a0: Jean Pierre Magn\u00e9tis'Or<\/em>\n\t\t\t\t\t\t<\/div> \n\t\t\t\t\t\t<div class=\"gb-admin_reply_content gb-admin-reply-content\">\n\t\t\t\t\t\tBonjour C\u00e9line,\r\n\r\nMerci pour ton retour de cette exp\u00e9rience de constellation d&#039;\u00e2me.\r\nEffectivement, ce moment de partage a \u00e9t\u00e9 d&#039;une intensit\u00e9 puissante avec des \u00e9l\u00e9ments de compr\u00e9hension de ce que vivent  les participants dans leur quotidien.\r\n\r\nAvec tout mon c\u0153ur\r\nJean Pierre\n\t\t\t\t\t\t<\/div>\n\t\t\t\t\t<\/div>\n\t\t\t\t<\/article>\n\t\t\t<\/div>\n\t\t\t<\/div><\/div>\n","protected":false},"excerpt":{"rendered":"<p>je vous remercie d&rsquo;avance pour votre t\u00e9moignage !<\/p>\n","protected":false},"author":1,"featured_media":0,"parent":0,"menu_order":0,"comment_status":"closed","ping_status":"closed","template":"","meta":{"footnotes":""},"class_list":["post-79","page","type-page","status-publish","hentry"],"_links":{"self":[{"href":"https:\/\/jeanpierremagnetisor.fr\/index.php\/wp-json\/wp\/v2\/pages\/79","targetHints":{"allow":["GET"]}}],"collection":[{"href":"https:\/\/jeanpierremagnetisor.fr\/index.php\/wp-json\/wp\/v2\/pages"}],"about":[{"href":"https:\/\/jeanpierremagnetisor.fr\/index.php\/wp-json\/wp\/v2\/types\/page"}],"author":[{"embeddable":true,"href":"https:\/\/jeanpierremagnetisor.fr\/index.php\/wp-json\/wp\/v2\/users\/1"}],"replies":[{"embeddable":true,"href":"https:\/\/jeanpierremagnetisor.fr\/index.php\/wp-json\/wp\/v2\/comments?post=79"}],"version-history":[{"count":2,"href":"https:\/\/jeanpierremagnetisor.fr\/index.php\/wp-json\/wp\/v2\/pages\/79\/revisions"}],"predecessor-version":[{"id":83,"href":"https:\/\/jeanpierremagnetisor.fr\/index.php\/wp-json\/wp\/v2\/pages\/79\/revisions\/83"}],"wp:attachment":[{"href":"https:\/\/jeanpierremagnetisor.fr\/index.php\/wp-json\/wp\/v2\/media?parent=79"}],"curies":[{"name":"wp","href":"https:\/\/api.w.org\/{rel}","templated":true}]}}