{"id":120,"date":"2023-05-12T08:57:06","date_gmt":"2023-05-12T06:57:06","guid":{"rendered":"http:\/\/jeanpierremagnetisor.fr\/?page_id=120"},"modified":"2024-10-01T17:23:08","modified_gmt":"2024-10-01T15:23:08","slug":"magnetisme","status":"publish","type":"page","link":"https:\/\/jeanpierremagnetisor.fr\/index.php\/magnetisme\/","title":{"rendered":"Magn\u00e9tisme"},"content":{"rendered":"\n<figure class=\"wp-block-image size-full is-resized\"><img loading=\"lazy\" decoding=\"async\" width=\"512\" height=\"512\" src=\"http:\/\/jeanpierremagnetisor.fr\/wp-content\/uploads\/2023\/02\/cropped-icone-jeanpierremagnetisor.jpg\" alt=\"\" class=\"wp-image-69\" style=\"width:249px;height:249px\" srcset=\"https:\/\/jeanpierremagnetisor.fr\/wp-content\/uploads\/2023\/02\/cropped-icone-jeanpierremagnetisor.jpg 512w, https:\/\/jeanpierremagnetisor.fr\/wp-content\/uploads\/2023\/02\/cropped-icone-jeanpierremagnetisor-300x300.jpg 300w, https:\/\/jeanpierremagnetisor.fr\/wp-content\/uploads\/2023\/02\/cropped-icone-jeanpierremagnetisor-150x150.jpg 150w, https:\/\/jeanpierremagnetisor.fr\/wp-content\/uploads\/2023\/02\/cropped-icone-jeanpierremagnetisor-100x100.jpg 100w, https:\/\/jeanpierremagnetisor.fr\/wp-content\/uploads\/2023\/02\/cropped-icone-jeanpierremagnetisor-270x270.jpg 270w, https:\/\/jeanpierremagnetisor.fr\/wp-content\/uploads\/2023\/02\/cropped-icone-jeanpierremagnetisor-192x192.jpg 192w, https:\/\/jeanpierremagnetisor.fr\/wp-content\/uploads\/2023\/02\/cropped-icone-jeanpierremagnetisor-180x180.jpg 180w, https:\/\/jeanpierremagnetisor.fr\/wp-content\/uploads\/2023\/02\/cropped-icone-jeanpierremagnetisor-32x32.jpg 32w\" sizes=\"auto, (max-width: 512px) 100vw, 512px\" \/><\/figure>\n\n\n\n<p><strong>Le magn\u00e9tisme<\/strong> est l&rsquo;une des nombreuses capacit\u00e9s naturelles, pr\u00e9sent et perceptible en chaque personne \u00e0 des degr\u00e9s diff\u00e9rents.<br><\/p>\n\n\n\n<p><strong>Il permet notamment d\u2019apaiser, de soulager et de soigner<\/strong> un grand nombre de troubles<br>physiques, psychiques et \u00e9motionnels. Les magn\u00e9tiseurs transmettent l\u2019\u00e9nergie n\u00e9cessaire aux personnes  pour les aider \u00e0 se r\u00e9\u00e9quilibrer et se soigner et soulager ces tensions, ces troubles ou ces douleurs. <\/p>\n\n\n\n<p><strong>Les magn\u00e9tiseurs sont des th\u00e9rapeutes<\/strong>*, des personnes qui soignent, quelles que soient les techniques utilis\u00e9es.<br>*Selon l&rsquo;\u00e9tymologie grecque, therapeut\u1ebfs signifie \u00abserviteur, celui qui prend soin de quelqu&rsquo;un.<\/p>\n\n\n\n<p><strong>Sans se substituer \u00e0 la m\u00e9decine conventionnelle, le magn\u00e9tisme peut \u00eatre<\/strong> <strong>compl\u00e9mentaire \u00e0 la m\u00e9decine allopathique.<\/strong><\/p>\n\n\n\n<p><strong>La dur\u00e9e de ce soin est de 30 minutes \u00e0 1h30.<\/strong> <strong>Contact au +33 6 86 06 56 34 ou par le formulaire<a rel=\"noreferrer noopener\" href=\"http:\/\/jeanpierremagnetisor.fr\/index.php\/me-contacter\/\" target=\"_blank\"> \u00ab&nbsp;me contacter&nbsp;\u00bb<\/a><\/strong> <strong>en pr\u00e9cisant le motif<\/strong><\/p>\n\n\n\n<p><strong>Le cabinet est situ\u00e9 au 283 Route du Bugey \u00e0 LOYETTES (01)\u00a0<a href=\"https:\/\/www.google.fr\/maps\/place\/283+Rue+du+Bugey,+01360+Loyettes\/@45.7750515,5.2067425,16z\/data=!3m1!4b1!4m6!3m5!1s0x47f4cabac3a840db:0xc6323b77e0b2beab!8m2!3d45.7750515!4d5.2067425!16s%2Fg%2F11hlfr76g3?entry=ttu&amp;g_ep=EgoyMDI0MDkyNS4wIKXMDSoASAFQAw%3D%3D\" data-type=\"link\" data-id=\"https:\/\/www.google.fr\/maps\/place\/283+Rue+du+Bugey,+01360+Loyettes\/@45.7750515,5.2067425,16z\/data=!3m1!4b1!4m6!3m5!1s0x47f4cabac3a840db:0xc6323b77e0b2beab!8m2!3d45.7750515!4d5.2067425!16s%2Fg%2F11hlfr76g3?entry=ttu&amp;g_ep=EgoyMDI0MDkyNS4wIKXMDSoASAFQAw%3D%3D\">Voir le plan d\u2019acc\u00e8s<\/a><\/strong><\/p>\n\n\n\n<p><strong>Avec tout mon <img loading=\"lazy\" decoding=\"async\" height=\"16\" width=\"16\" src=\"https:\/\/static.xx.fbcdn.net\/images\/emoji.php\/v9\/t6c\/1\/16\/2764.png\" alt=\"\u2764\ufe0f\"> ! Jean Pierre<\/strong><\/p>\n","protected":false},"excerpt":{"rendered":"<p>Le magn\u00e9tisme est l&rsquo;une des nombreuses capacit\u00e9s naturelles, pr\u00e9sent et perceptible en chaque personne \u00e0 des degr\u00e9s diff\u00e9rents. Il permet notamment d\u2019apaiser, de soulager et de soigner un grand nombre de troublesphysiques, psychiques et \u00e9motionnels. Les magn\u00e9tiseurs transmettent l\u2019\u00e9nergie n\u00e9cessaire aux personnes pour les aider \u00e0 se r\u00e9\u00e9quilibrer et se soigner et soulager ces tensions, &hellip; <\/p>\n<p class=\"link-more\"><a href=\"https:\/\/jeanpierremagnetisor.fr\/index.php\/magnetisme\/\" class=\"more-link\">Continuer la lecture<span class=\"screen-reader-text\"> de &laquo;&nbsp;Magn\u00e9tisme&nbsp;&raquo;<\/span><\/a><\/p>\n","protected":false},"author":1,"featured_media":0,"parent":0,"menu_order":0,"comment_status":"closed","ping_status":"closed","template":"","meta":{"footnotes":""},"class_list":["post-120","page","type-page","status-publish","hentry"],"_links":{"self":[{"href":"https:\/\/jeanpierremagnetisor.fr\/index.php\/wp-json\/wp\/v2\/pages\/120","targetHints":{"allow":["GET"]}}],"collection":[{"href":"https:\/\/jeanpierremagnetisor.fr\/index.php\/wp-json\/wp\/v2\/pages"}],"about":[{"href":"https:\/\/jeanpierremagnetisor.fr\/index.php\/wp-json\/wp\/v2\/types\/page"}],"author":[{"embeddable":true,"href":"https:\/\/jeanpierremagnetisor.fr\/index.php\/wp-json\/wp\/v2\/users\/1"}],"replies":[{"embeddable":true,"href":"https:\/\/jeanpierremagnetisor.fr\/index.php\/wp-json\/wp\/v2\/comments?post=120"}],"version-history":[{"count":12,"href":"https:\/\/jeanpierremagnetisor.fr\/index.php\/wp-json\/wp\/v2\/pages\/120\/revisions"}],"predecessor-version":[{"id":532,"href":"https:\/\/jeanpierremagnetisor.fr\/index.php\/wp-json\/wp\/v2\/pages\/120\/revisions\/532"}],"wp:attachment":[{"href":"https:\/\/jeanpierremagnetisor.fr\/index.php\/wp-json\/wp\/v2\/media?parent=120"}],"curies":[{"name":"wp","href":"https:\/\/api.w.org\/{rel}","templated":true}]}}